{"id":30984,"date":"2025-07-08T15:43:53","date_gmt":"2025-07-08T15:43:53","guid":{"rendered":"https:\/\/lsagency.me\/?page_id=30984"},"modified":"2026-04-15T14:51:05","modified_gmt":"2026-04-15T14:51:05","slug":"revenue-estimates","status":"publish","type":"page","link":"https:\/\/lsagency.me\/en\/revenue-estimates\/","title":{"rendered":"Revenue estimates"},"content":{"rendered":"<div data-elementor-type=\"wp-page\" data-elementor-id=\"30984\" class=\"elementor elementor-30984\" data-elementor-post-type=\"page\">\n\t\t\t\t<div class=\"wd-negative-gap elementor-element elementor-element-2bed812 wd-section-stretch e-flex e-con-boxed e-con e-parent\" data-id=\"2bed812\" data-element_type=\"container\" data-e-type=\"container\" data-settings=\"{&quot;background_background&quot;:&quot;classic&quot;}\">\n\t\t\t\t\t<div class=\"e-con-inner\">\n\t\t\t\t<div class=\"elementor-element elementor-element-0ed13a9 golden wd-width-100 elementor-widget elementor-widget-wd_title\" data-id=\"0ed13a9\" data-element_type=\"widget\" data-e-type=\"widget\" data-widget_type=\"wd_title.default\">\n\t\t\t\t<div class=\"elementor-widget-container\">\n\t\t\t\t\t\t\t<div class=\"title-wrapper wd-set-mb reset-last-child wd-title-color-default wd-title-style-default wd-title-size-extra-large text-center\">\n\n\t\t\t\t\t\t\t\t\t\t\t<div class=\"title-subtitle subtitle-color-default subtitle-style-default wd-fontsize-m\">\n\t\t\t\t\tLS AGENCY\t\t\t\t<\/div>\n\t\t\t\n\t\t\t<div class=\"liner-continer\">\n\t\t\t\t<h1 class=\"woodmart-title-container title wd-fontsize-xxxl wd-underline-colored\">Ready to make the most of your home?<\/h1> \n\t\t\t\t\t\t\t<\/div>\n\n\t\t\t\t\t\t\t<div class=\"title-after_title reset-last-child wd-fontsize-s\">\n\t\t\t\t\t<p>Fill in the form and we'll get back to you as soon as possible.<\/p>\t\t\t\t<\/div>\n\t\t\t\t\t<\/div>\n\t\t\t\t\t\t<\/div>\n\t\t\t\t<\/div>\n\t\t<div class=\"elementor-element elementor-element-259c605 e-con-full e-flex e-con e-child\" data-id=\"259c605\" data-element_type=\"container\" data-e-type=\"container\" id=\"estimation\" data-settings=\"{&quot;background_background&quot;:&quot;classic&quot;}\">\n\t\t\t\t<div class=\"elementor-element elementor-element-a68fd79 elementor-widget elementor-widget-shortcode\" data-id=\"a68fd79\" data-element_type=\"widget\" data-e-type=\"widget\" data-widget_type=\"shortcode.default\">\n\t\t\t\t<div class=\"elementor-widget-container\">\n\t\t\t\t\t\t\t<div class=\"elementor-shortcode\"><div class=\"lss-demande-wrap\" id=\"lss-demande-wrap\" data-theme=\"light\" style=\"max-width:90%;\">\n\n    <!-- Progress -->\n    <div class=\"lss-demande-form\" id=\"lss-demande-form\">\n        <div class=\"lss-dem-progress\">\n            <div class=\"lss-dem-progress-label\" id=\"lss-dem-step-label\">Step 1 of 3<\/div>\n            <div class=\"lss-dem-progress-bar\">\n                <div class=\"lss-dem-progress-fill\" id=\"lss-dem-progress-fill\" style=\"width:33%\"><span>33%<\/span><\/div>\n            <\/div>\n        <\/div>\n\n        <!-- \u2550\u2550\u2550 STEP 1: Bien \u2550\u2550\u2550 -->\n        <div class=\"lss-dem-step is-active\" data-step=\"1\">\n            <div class=\"lss-dem-row\">\n                <div class=\"lss-dem-field lss-dem-field--full\">\n                    <label class=\"lss-dem-label\">In which country is your rental property located? <span class=\"lss-dem-req\">(Required)<\/span><\/label>\n                    <select id=\"lss-dem-country\" class=\"lss-dem-input lss-dem-select\" required>\n                        <option value=\"\">Select...<\/option>\n                                                    <option value=\"Maroc\">Morocco<\/option>\n                                                    <option value=\"Suisse\">Switzerland<\/option>\n                                            <\/select>\n                    <div class=\"lss-dem-error\" data-for=\"country\">This field is required.<\/div>\n                <\/div>\n            <\/div>\n\n            <div class=\"lss-dem-row lss-dem-row--2col\">\n                <div class=\"lss-dem-field\">\n                    <label class=\"lss-dem-label\">What type of property would you like to value for money? <span class=\"lss-dem-req\">(Required)<\/span><\/label>\n                    <select id=\"lss-dem-type\" class=\"lss-dem-input lss-dem-select\" required>\n                        <option value=\"\">Select...<\/option>\n                                                    <option value=\"Studio\">Studio<\/option>\n                                                    <option value=\"Appartement 1 ch.\">1-bedroom apartment.<\/option>\n                                                    <option value=\"Appartement 2 ch.\">2-bedroom apartment.<\/option>\n                                                    <option value=\"Appartement 3 ch.+\">3-bedroom apartment<\/option>\n                                                    <option value=\"Maison\">House<\/option>\n                                                    <option value=\"Villa\">Villa<\/option>\n                                                    <option value=\"Penthouse\">Penthouse<\/option>\n                                                    <option value=\"Chalet\">Chalet<\/option>\n                                                    <option value=\"Loft\">Loft<\/option>\n                                                    <option value=\"Riad\">Riad<\/option>\n                                                    <option value=\"Dar\">Dar<\/option>\n                                                    <option value=\"Appt. Rooftop\">Apt. Rooftop<\/option>\n                                            <\/select>\n                    <div class=\"lss-dem-error\" data-for=\"type\">This field is required.<\/div>\n                <\/div>\n                <div class=\"lss-dem-field\">\n                    <label class=\"lss-dem-label\">What is its surface area (m2)? <span class=\"lss-dem-req\">(Required)<\/span><\/label>\n                    <input type=\"number\" id=\"lss-dem-surface\" class=\"lss-dem-input\" placeholder=\"\" min=\"1\" required>\n                    <div class=\"lss-dem-error\" data-for=\"surface\">This field is required.<\/div>\n                <\/div>\n            <\/div>\n\n            <div class=\"lss-dem-actions\">\n                <button class=\"lss-dem-btn lss-dem-btn--primary\" data-next=\"2\">Next<\/button>\n            <\/div>\n        <\/div>\n\n        <!-- \u2550\u2550\u2550 STEP 2: Adresse & fr\u00e9quence \u2550\u2550\u2550 -->\n        <div class=\"lss-dem-step\" data-step=\"2\">\n            <div class=\"lss-dem-row\">\n                <div class=\"lss-dem-field lss-dem-field--full\">\n                    <label class=\"lss-dem-label\">Tell us more about the address <span class=\"lss-dem-req\">(Required)<\/span><\/label>\n                    <input type=\"text\" id=\"lss-dem-address\" class=\"lss-dem-input\" placeholder=\"Postal address\"\/>\n                    <div class=\"lss-dem-error\" data-for=\"address\">This field is required.<\/div>\n                <\/div>\n            <\/div>\n\n            <div class=\"lss-dem-row lss-dem-row--2col\">\n                <div class=\"lss-dem-field\">\n                    <label class=\"lss-dem-label\">City<\/label>\n                    <input type=\"text\" id=\"lss-dem-city\" class=\"lss-dem-input\" placeholder=\"\"\/>\n                <\/div>\n                <div class=\"lss-dem-field\">\n                    <label class=\"lss-dem-label\">Postal code<\/label>\n                    <input type=\"text\" id=\"lss-dem-zip\" class=\"lss-dem-input\" placeholder=\"\"\/>\n                <\/div>\n            <\/div>\n\n            <div class=\"lss-dem-row lss-dem-row--2col\">\n                <div class=\"lss-dem-field\">\n                    <label class=\"lss-dem-label\">How often would you like to rent out your property? <span class=\"lss-dem-req\">(Required)<\/span><\/label>\n                    <div class=\"lss-dem-radios\" id=\"lss-dem-frequency\">\n                        <label class=\"lss-dem-radio\"><input type=\"radio\" name=\"lss_frequency\" value=\"moins_6_semaines\"\/> Less than 6 weeks a year<\/label>\n                        <label class=\"lss-dem-radio\"><input type=\"radio\" name=\"lss_frequency\" value=\"plus_6_semaines\"\/> More than 6 weeks a year<\/label>\n                        <label class=\"lss-dem-radio\"><input type=\"radio\" name=\"lss_frequency\" value=\"tout_le_temps\"\/> Almost all the time<\/label>\n                    <\/div>\n                    <div class=\"lss-dem-error\" data-for=\"frequency\">This field is required.<\/div>\n                <\/div>\n                <div class=\"lss-dem-field\">\n                    <label class=\"lss-dem-label\">Are you already renting this property on a short-term basis? <span class=\"lss-dem-req\">(Required)<\/span><\/label>\n                    <div class=\"lss-dem-radios\" id=\"lss-dem-already\">\n                        <label class=\"lss-dem-radio\"><input type=\"radio\" name=\"lss_already\" value=\"oui\"\/> Yes<\/label>\n                        <label class=\"lss-dem-radio\"><input type=\"radio\" name=\"lss_already\" value=\"non\"\/> No<\/label>\n                    <\/div>\n                    <div class=\"lss-dem-error\" data-for=\"already\">This field is required.<\/div>\n                <\/div>\n            <\/div>\n\n            <div class=\"lss-dem-actions\">\n                <button class=\"lss-dem-btn lss-dem-btn--secondary\" data-prev=\"1\">Previous<\/button>\n                <button class=\"lss-dem-btn lss-dem-btn--primary\" data-next=\"3\">Next<\/button>\n            <\/div>\n        <\/div>\n\n        <!-- \u2550\u2550\u2550 STEP 3: Coordonn\u00e9es \u2550\u2550\u2550 -->\n        <div class=\"lss-dem-step\" data-step=\"3\">\n            <div class=\"lss-dem-row\">\n                <div class=\"lss-dem-field lss-dem-field--full\">\n                    <label class=\"lss-dem-label\">Name <span class=\"lss-dem-req\">(Required)<\/span><\/label>\n                <\/div>\n            <\/div>\n            <div class=\"lss-dem-row lss-dem-row--2col\">\n                <div class=\"lss-dem-field\">\n                    <label class=\"lss-dem-label-sm\">First name<\/label>\n                    <input type=\"text\" id=\"lss-dem-firstname\" class=\"lss-dem-input\" required>\n                    <div class=\"lss-dem-error\" data-for=\"firstname\">This field is required.<\/div>\n                <\/div>\n                <div class=\"lss-dem-field\">\n                    <label class=\"lss-dem-label-sm\">Name<\/label>\n                    <input type=\"text\" id=\"lss-dem-lastname\" class=\"lss-dem-input\" required>\n                    <div class=\"lss-dem-error\" data-for=\"lastname\">This field is required.<\/div>\n                <\/div>\n            <\/div>\n\n            <div class=\"lss-dem-row lss-dem-row--2col\">\n                <div class=\"lss-dem-field\">\n                    <label class=\"lss-dem-label\">Phone number <span class=\"lss-dem-req\">(Required)<\/span><\/label>\n                    <input type=\"tel\" id=\"lss-dem-phone\" class=\"lss-dem-input\" required>\n                    <div class=\"lss-dem-error\" data-for=\"phone\">This field is required.<\/div>\n                <\/div>\n                <div class=\"lss-dem-field\">\n                    <label class=\"lss-dem-label\">E-mail <span class=\"lss-dem-req\">(Required)<\/span><\/label>\n                    <input type=\"email\" id=\"lss-dem-email\" class=\"lss-dem-input\" placeholder=\"\" required>\n                    <div class=\"lss-dem-error\" data-for=\"email\">Invalid email.<\/div>\n                <\/div>\n            <\/div>\n\n            <div class=\"lss-dem-actions\">\n                <button class=\"lss-dem-btn lss-dem-btn--secondary\" data-prev=\"2\">Previous<\/button>\n                <button class=\"lss-dem-btn lss-dem-btn--primary\" id=\"lss-dem-submit\">\n                    <span class=\"lss-dem-btn-text\">Submit my request<\/span>\n                    <span class=\"lss-dem-btn-loading\" style=\"display:none;\">Sending...<\/span>\n                <\/button>\n            <\/div>\n        <\/div>\n    <\/div>\n\n    <!-- Success -->\n    <div class=\"lss-demande-success\" id=\"lss-demande-success\" style=\"display:none;\">\n        <div class=\"lss-demande-success-icon\">\n            <svg width=\"48\" height=\"48\" viewbox=\"0 0 24 24\" fill=\"none\" stroke=\"#C9A84C\" stroke-width=\"2\"><circle cx=\"12\" cy=\"12\" r=\"10\"\/><path d=\"M8 12l3 3 5-5\"\/><\/svg>\n        <\/div>\n        <h2 class=\"lss-dem-success-title\">Request sent!<\/h2>\n        <p class=\"lss-dem-success-sub\">Thank you for your inquiry. A member of the LS Agency team will get back to you as soon as possible with a personalized estimate.<\/p>\n    <\/div>\n\n<\/div>\n<\/div>\n\t\t\t\t\t\t<\/div>\n\t\t\t\t<\/div>\n\t\t\t\t<\/div>\n\t\t\t\t\t<\/div>\n\t\t\t\t<\/div>\n\t\t<div class=\"wd-negative-gap elementor-element elementor-element-4892f60 wd-section-stretch e-flex e-con-boxed e-con e-parent\" data-id=\"4892f60\" data-element_type=\"container\" data-e-type=\"container\" data-settings=\"{&quot;background_background&quot;:&quot;classic&quot;}\">\n\t\t\t\t\t<div class=\"e-con-inner\">\n\t\t<div class=\"elementor-element elementor-element-939bbc3 e-con-full e-flex e-con e-child\" data-id=\"939bbc3\" data-element_type=\"container\" data-e-type=\"container\">\n\t\t\t\t<div class=\"elementor-element elementor-element-cafa182 elementor-widget__width-initial wd-width-100 elementor-widget elementor-widget-wd_title\" data-id=\"cafa182\" data-element_type=\"widget\" data-e-type=\"widget\" data-widget_type=\"wd_title.default\">\n\t\t\t\t<div class=\"elementor-widget-container\">\n\t\t\t\t\t\t\t<div class=\"title-wrapper wd-set-mb reset-last-child wd-title-color-primary wd-title-style-default wd-title-size-extra-large text-center\">\n\n\t\t\t\n\t\t\t<div class=\"liner-continer\">\n\t\t\t\t<h3 class=\"woodmart-title-container title wd-fontsize-xxxl\">Already +10 owners trust us.<\/h3> \n\t\t\t\t\t\t\t<\/div>\n\n\t\t\t\t\t<\/div>\n\t\t\t\t\t\t<\/div>\n\t\t\t\t<\/div>\n\t\t\t\t<div class=\"elementor-element elementor-element-40fa103 color-scheme-inherit text-left elementor-widget elementor-widget-text-editor\" data-id=\"40fa103\" data-element_type=\"widget\" data-e-type=\"widget\" data-widget_type=\"text-editor.default\">\n\t\t\t\t<div class=\"elementor-widget-container\">\n\t\t\t\t\t\t\t\t\t<p style=\"padding-left: 40px;\"><strong>LS AGENCY boosts income without disturbing peace and quiet.<\/strong><\/p>\t\t\t\t\t\t\t\t<\/div>\n\t\t\t\t<\/div>\n\t\t\t\t<div class=\"elementor-element elementor-element-9b71682 elementor-widget elementor-widget-shortcode\" data-id=\"9b71682\" data-element_type=\"widget\" data-e-type=\"widget\" data-widget_type=\"shortcode.default\">\n\t\t\t\t<div class=\"elementor-widget-container\">\n\t\t\t\t\t\t\t<div class=\"elementor-shortcode\"><div data-src=\"https:\/\/cdn.trustindex.io\/loader.js?d33046d617b2277dc9569dcf1f6\"><\/div><\/div>\n\t\t\t\t\t\t<\/div>\n\t\t\t\t<\/div>\n\t\t\t\t<div class=\"elementor-element elementor-element-311239d elementor-widget elementor-widget-wd_button\" data-id=\"311239d\" data-element_type=\"widget\" data-e-type=\"widget\" data-widget_type=\"wd_button.default\">\n\t\t\t\t<div class=\"elementor-widget-container\">\n\t\t\t\t\t\t\t<div class=\"wd-button-wrapper text-center\" >\n\t\t\t<a class=\"btn btn-style-default btn-shape-semi-round btn-size-extra-large btn-color-custom btn-icon-pos-right\"  href=\"#estimation\">\n\t\t\t\t<span class=\"wd-btn-text\" data-elementor-setting-key=\"text\">\n\t\t\t\t\tI want to boost my income\t\t\t\t<\/span>\n\n\t\t\t\t\t\t\t<\/a>\n\t\t<\/div>\n\t\t\t\t\t\t<\/div>\n\t\t\t\t<\/div>\n\t\t\t\t<\/div>\n\t\t\t\t\t<\/div>\n\t\t\t\t<\/div>\n\t\t\t\t<\/div>","protected":false},"excerpt":{"rendered":"<p>LS AGENCY Pr\u00eat \u00e0 rentabiliser votre logement sans effort ? Remplissez le formulaire et nous revenons rapidement vers vous. D\u00e9j\u00e0<\/p>","protected":false},"author":1,"featured_media":29775,"parent":0,"menu_order":0,"comment_status":"closed","ping_status":"closed","template":"","meta":{"footnotes":""},"class_list":["post-30984","page","type-page","status-publish","has-post-thumbnail","hentry"],"_links":{"self":[{"href":"https:\/\/lsagency.me\/en\/wp-json\/wp\/v2\/pages\/30984","targetHints":{"allow":["GET"]}}],"collection":[{"href":"https:\/\/lsagency.me\/en\/wp-json\/wp\/v2\/pages"}],"about":[{"href":"https:\/\/lsagency.me\/en\/wp-json\/wp\/v2\/types\/page"}],"author":[{"embeddable":true,"href":"https:\/\/lsagency.me\/en\/wp-json\/wp\/v2\/users\/1"}],"replies":[{"embeddable":true,"href":"https:\/\/lsagency.me\/en\/wp-json\/wp\/v2\/comments?post=30984"}],"version-history":[{"count":87,"href":"https:\/\/lsagency.me\/en\/wp-json\/wp\/v2\/pages\/30984\/revisions"}],"predecessor-version":[{"id":32521,"href":"https:\/\/lsagency.me\/en\/wp-json\/wp\/v2\/pages\/30984\/revisions\/32521"}],"wp:featuredmedia":[{"embeddable":true,"href":"https:\/\/lsagency.me\/en\/wp-json\/wp\/v2\/media\/29775"}],"wp:attachment":[{"href":"https:\/\/lsagency.me\/en\/wp-json\/wp\/v2\/media?parent=30984"}],"curies":[{"name":"wp","href":"https:\/\/api.w.org\/{rel}","templated":true}]}}