{"id":10671,"date":"2021-11-16T13:42:30","date_gmt":"2021-11-16T13:42:30","guid":{"rendered":"http:\/\/dummy.xtemos.com\/woodmart2\/elementor\/?page_id=10671"},"modified":"2025-12-25T22:16:20","modified_gmt":"2025-12-25T22:16:20","slug":"tips-tricks","status":"publish","type":"page","link":"https:\/\/lsagency.me\/en\/tips-tricks\/","title":{"rendered":"Blog"},"content":{"rendered":"<div data-elementor-type=\"wp-page\" data-elementor-id=\"10671\" class=\"elementor elementor-10671\" data-elementor-post-type=\"page\">\n\t\t\t\t<div class=\"wd-negative-gap elementor-element elementor-element-1a5f357 e-flex e-con-boxed e-con e-parent\" data-id=\"1a5f357\" data-element_type=\"container\" data-e-type=\"container\">\n\t\t\t\t\t<div class=\"e-con-inner\">\n\t\t\t\t<div class=\"elementor-element elementor-element-dc3dea3 wd-width-100 elementor-widget elementor-widget-wd_title\" data-id=\"dc3dea3\" data-element_type=\"widget\" data-e-type=\"widget\" data-widget_type=\"wd_title.default\">\n\t\t\t\t<div class=\"elementor-widget-container\">\n\t\t\t\t\t\t\t<div class=\"title-wrapper wd-set-mb reset-last-child wd-title-color-primary wd-title-style-default wd-title-size-large text-center\">\n\n\t\t\t\t\t\t\t\t\t\t\t<div class=\"title-subtitle subtitle-color-primary subtitle-style-background wd-fontsize-xs\">\n\t\t\t\t\tLUXURY SERVICE AGENCY\t\t\t\t<\/div>\n\t\t\t\n\t\t\t<div class=\"liner-continer\">\n\t\t\t\t<h2 class=\"woodmart-title-container title wd-fontsize-xxl\">Our news<\/h2> \n\t\t\t\t\t\t\t<\/div>\n\n\t\t\t\t\t<\/div>\n\t\t\t\t\t\t<\/div>\n\t\t\t\t<\/div>\n\t\t\t\t<div class=\"elementor-element elementor-element-c8df18e wd-width-100 elementor-widget elementor-widget-wd_blog\" data-id=\"c8df18e\" data-element_type=\"widget\" data-e-type=\"widget\" data-widget_type=\"wd_blog.default\">\n\t\t\t\t<div class=\"elementor-widget-container\">\n\t\t\t\t\t\t\t\t\t\t\t\t<div class=\"wd-blog-element\">\n\t\t\t\t\t\t\t\t\t\t\t\n\t\t\t\t\t<div class=\"wd-posts wd-blog-holder wd-grid-g\" id=\"69eebea67af78\" data-paged=\"1\" data-atts=\"{&quot;post_type&quot;:&quot;post&quot;,&quot;items_per_page&quot;:&quot;6&quot;,&quot;include&quot;:null,&quot;taxonomies&quot;:&quot;&quot;,&quot;offset&quot;:&quot;&quot;,&quot;orderby&quot;:&quot;&quot;,&quot;order&quot;:&quot;DESC&quot;,&quot;meta_key&quot;:null,&quot;exclude&quot;:&quot;&quot;,&quot;element_title&quot;:&quot;&quot;,&quot;element_title_tag&quot;:&quot;h4&quot;,&quot;parts_media&quot;:true,&quot;parts_title&quot;:&quot;1&quot;,&quot;parts_meta&quot;:&quot;&quot;,&quot;parts_text&quot;:&quot;&quot;,&quot;parts_btn&quot;:&quot;1&quot;,&quot;parts_published_date&quot;:&quot;1&quot;,&quot;img_size&quot;:&quot;full&quot;,&quot;blog_design&quot;:&quot;meta-image&quot;,&quot;blog_carousel_design&quot;:null,&quot;blog_masonry&quot;:null,&quot;blog_columns&quot;:{&quot;unit&quot;:&quot;px&quot;,&quot;size&quot;:3,&quot;sizes&quot;:[]},&quot;blog_columns_tablet&quot;:{&quot;size&quot;:&quot;&quot;},&quot;blog_columns_mobile&quot;:{&quot;size&quot;:&quot;&quot;},&quot;blog_spacing&quot;:&quot;20&quot;,&quot;blog_spacing_tablet&quot;:&quot;&quot;,&quot;blog_spacing_mobile&quot;:&quot;&quot;,&quot;pagination&quot;:&quot;more-btn&quot;,&quot;speed&quot;:null,&quot;slides_per_view&quot;:null,&quot;slides_per_view_tablet&quot;:{&quot;size&quot;:&quot;&quot;},&quot;slides_per_view_mobile&quot;:{&quot;size&quot;:&quot;&quot;},&quot;wrap&quot;:null,&quot;autoplay&quot;:null,&quot;hide_pagination_control&quot;:null,&quot;hide_prev_next_buttons&quot;:null,&quot;scroll_per_page&quot;:null,&quot;lazy_loading&quot;:&quot;yes&quot;,&quot;scroll_carousel_init&quot;:null,&quot;ajax_page&quot;:&quot;&quot;,&quot;custom_sizes&quot;:false,&quot;elementor&quot;:true}\" data-source=\"shortcode\" style=\"--wd-col-lg:3;--wd-col-md:3;--wd-col-sm:1;--wd-gap-lg:20px;--wd-gap-sm:10px;\">\n\t\t\t\n\t\t\t\t\t\t\t\t\t\t\t\t\t\t\n<article id=\"post-30831\" class=\"wd-post blog-design-meta-image blog-post-loop blog-style-bg wd-add-shadow wd-col post-30831 post type-post status-publish format-standard has-post-thumbnail hentry category-experience-locataire\">\n\t\t\t<div class=\"wd-post-inner\">\n\t\n\t<div class=\"wd-post-thumb color-scheme-light\">\n\t\t\t\t\t<div class=\"wd-post-img\">\n\t\t\t\t<img loading=\"lazy\" decoding=\"async\" width=\"900\" height=\"600\" src=\"https:\/\/lsagency.me\/wp-content\/uploads\/2025\/05\/Quest-ce-quune-conciergerie.webp\" class=\"attachment-full size-full\" alt=\"What is a concierge service?\" srcset=\"https:\/\/lsagency.me\/wp-content\/uploads\/2025\/05\/Quest-ce-quune-conciergerie.webp 900w, https:\/\/lsagency.me\/wp-content\/uploads\/2025\/05\/Quest-ce-quune-conciergerie-400x267.webp 400w, https:\/\/lsagency.me\/wp-content\/uploads\/2025\/05\/Quest-ce-quune-conciergerie-768x512.webp 768w, https:\/\/lsagency.me\/wp-content\/uploads\/2025\/05\/Quest-ce-quune-conciergerie-18x12.webp 18w\" sizes=\"auto, (max-width: 900px) 100vw, 900px\" title=\", short-term rental\">\t\t\t<\/div>\n\t\t\n\t\t\t\t<a class=\"wd-post-link wd-fill\" tabindex=\"-1\" href=\"https:\/\/lsagency.me\/en\/what-is-a-concierge-service\/\" rel=\"bookmark\" aria-label=\"Link on post Qu\u2019est-ce qu\u2019une conciergerie\"><\/a>\n\n\t\t\t<\/div>\n\n\t<div class=\"wd-post-content\">\n\t\t<div class=\"wd-post-meta wd-post-entry-meta\">\n\t\t\t\n\t\t\t\n\t\t\t\t\t\t\t<div class=\"wd-post-date wd-style-default\">\n\t\t\t\t\t<time class=\"published\" datetime=\"2025-04-30T23:13:28+00:00\">\n\t\t\t\t\t\t30 Apr 2025\t\t\t\t\t<\/time>\n\t\t\t\t<\/div>\n\n\t\t\t\t<div class=\"wd-modified-date\">\n\t\t\t\t\t\t\t<time class=\"updated\" datetime=\"2025-05-16T11:08:21+00:00\">\n\t\t\tMay 16, 2025\t\t<\/time>\n\t\t\t\t\t\t<\/div>\n\t\t\t\t\t<\/div>\n\n\t\t\t\t\t<h3 class=\"wd-post-title wd-entities-title title post-title\">\n\t\t\t\t<a href=\"https:\/\/lsagency.me\/en\/what-is-a-concierge-service\/\" rel=\"bookmark\">\n\t\t\t\t\tWhat is a concierge service?\t\t\t\t<\/a>\n\t\t\t<\/h3>\n\t\t\n\t\t\n\t\t\t\t\t\t\t\t\t\t<div class=\"wd-post-read-more wd-style-link read-more-section\">\n\t\t\t\t\t\t<a class=\"\" href=\"https:\/\/lsagency.me\/en\/what-is-a-concierge-service\/\">Continue reading<\/a>\t\t\t\t\t<\/div>\n\t\t\t\t\t\t\t<\/div>\n\n\t\t\t<\/div>\n\t<\/article>\n\t\t\t\t\t\t\t\t\t\t\t\t\t\t\n<article id=\"post-30793\" class=\"wd-post blog-design-meta-image blog-post-loop blog-style-bg wd-add-shadow wd-col post-30793 post type-post status-publish format-standard has-post-thumbnail hentry category-experience-locataire\">\n\t\t\t<div class=\"wd-post-inner\">\n\t\n\t<div class=\"wd-post-thumb color-scheme-light\">\n\t\t\t\t\t<div class=\"wd-post-img\">\n\t\t\t\t<img loading=\"lazy\" decoding=\"async\" width=\"900\" height=\"600\" src=\"https:\/\/lsagency.me\/wp-content\/uploads\/2025\/04\/Villa-a-Marrakech.jpg\" class=\"attachment-full size-full\" alt=\"Riad Marrakech rental: An authentic experience in the heart of the Medina\" srcset=\"https:\/\/lsagency.me\/wp-content\/uploads\/2025\/04\/Villa-a-Marrakech.jpg 900w, https:\/\/lsagency.me\/wp-content\/uploads\/2025\/04\/Villa-a-Marrakech-400x267.jpg 400w, https:\/\/lsagency.me\/wp-content\/uploads\/2025\/04\/Villa-a-Marrakech-768x512.jpg 768w, https:\/\/lsagency.me\/wp-content\/uploads\/2025\/04\/Villa-a-Marrakech-18x12.jpg 18w\" sizes=\"auto, (max-width: 900px) 100vw, 900px\" title=\", short-term rental\">\t\t\t<\/div>\n\t\t\n\t\t\t\t<a class=\"wd-post-link wd-fill\" tabindex=\"-1\" href=\"https:\/\/lsagency.me\/en\/villa-rental-in-marrakech\/\" rel=\"bookmark\" aria-label=\"Link on post Location Villa \u00e0 Marrakech : Luxe, Confort et S\u00e9jour d\u2019Exception\"><\/a>\n\n\t\t\t<\/div>\n\n\t<div class=\"wd-post-content\">\n\t\t<div class=\"wd-post-meta wd-post-entry-meta\">\n\t\t\t\n\t\t\t\n\t\t\t\t\t\t\t<div class=\"wd-post-date wd-style-default\">\n\t\t\t\t\t<time class=\"published\" datetime=\"2025-04-24T10:01:38+00:00\">\n\t\t\t\t\t\t24 Apr 2025\t\t\t\t\t<\/time>\n\t\t\t\t<\/div>\n\n\t\t\t\t<div class=\"wd-modified-date\">\n\t\t\t\t\t\t\t<time class=\"updated\" datetime=\"2025-05-09T09:48:07+00:00\">\n\t\t\tMay 9, 2025\t\t<\/time>\n\t\t\t\t\t\t<\/div>\n\t\t\t\t\t<\/div>\n\n\t\t\t\t\t<h3 class=\"wd-post-title wd-entities-title title post-title\">\n\t\t\t\t<a href=\"https:\/\/lsagency.me\/en\/villa-rental-in-marrakech\/\" rel=\"bookmark\">\n\t\t\t\t\tVilla rental in Marrakech : Luxury, Comfort and Exceptional Stay\t\t\t\t<\/a>\n\t\t\t<\/h3>\n\t\t\n\t\t\n\t\t\t\t\t\t\t\t\t\t<div class=\"wd-post-read-more wd-style-link read-more-section\">\n\t\t\t\t\t\t<a class=\"\" href=\"https:\/\/lsagency.me\/en\/villa-rental-in-marrakech\/\">Continue reading<\/a>\t\t\t\t\t<\/div>\n\t\t\t\t\t\t\t<\/div>\n\n\t\t\t<\/div>\n\t<\/article>\n\t\t\t\t\t\t\t\t\t\t\t\t\t\t\n<article id=\"post-30817\" class=\"wd-post blog-design-meta-image blog-post-loop blog-style-bg wd-add-shadow wd-col post-30817 post type-post status-publish format-standard has-post-thumbnail hentry category-experience-locataire\">\n\t\t\t<div class=\"wd-post-inner\">\n\t\n\t<div class=\"wd-post-thumb color-scheme-light\">\n\t\t\t\t\t<div class=\"wd-post-img\">\n\t\t\t\t<img loading=\"lazy\" decoding=\"async\" width=\"900\" height=\"600\" src=\"https:\/\/lsagency.me\/wp-content\/uploads\/2025\/05\/1.jpg\" class=\"attachment-full size-full\" alt=\"Airbnb concierge rates\" srcset=\"https:\/\/lsagency.me\/wp-content\/uploads\/2025\/05\/1.jpg 900w, https:\/\/lsagency.me\/wp-content\/uploads\/2025\/05\/1-400x267.jpg 400w, https:\/\/lsagency.me\/wp-content\/uploads\/2025\/05\/1-768x512.jpg 768w, https:\/\/lsagency.me\/wp-content\/uploads\/2025\/05\/1-18x12.jpg 18w\" sizes=\"auto, (max-width: 900px) 100vw, 900px\" title=\", short-term rental\">\t\t\t<\/div>\n\t\t\n\t\t\t\t<a class=\"wd-post-link wd-fill\" tabindex=\"-1\" href=\"https:\/\/lsagency.me\/en\/airbnb-concierge-rates\/\" rel=\"bookmark\" aria-label=\"Link on post Tarif conciergerie Airbnb : Quel est le meilleur rapport\u00a0qualit\u00e9-prix\u00a0?\"><\/a>\n\n\t\t\t<\/div>\n\n\t<div class=\"wd-post-content\">\n\t\t<div class=\"wd-post-meta wd-post-entry-meta\">\n\t\t\t\n\t\t\t\n\t\t\t\t\t\t\t<div class=\"wd-post-date wd-style-default\">\n\t\t\t\t\t<time class=\"published\" datetime=\"2025-04-23T09:01:11+00:00\">\n\t\t\t\t\t\t23 Apr 2025\t\t\t\t\t<\/time>\n\t\t\t\t<\/div>\n\n\t\t\t\t<div class=\"wd-modified-date\">\n\t\t\t\t\t\t\t<time class=\"updated\" datetime=\"2025-05-13T23:14:36+00:00\">\n\t\t\tMay 13, 2025\t\t<\/time>\n\t\t\t\t\t\t<\/div>\n\t\t\t\t\t<\/div>\n\n\t\t\t\t\t<h3 class=\"wd-post-title wd-entities-title title post-title\">\n\t\t\t\t<a href=\"https:\/\/lsagency.me\/en\/airbnb-concierge-rates\/\" rel=\"bookmark\">\n\t\t\t\t\tAirbnb concierge rates: What's the best value for money?\t\t\t\t<\/a>\n\t\t\t<\/h3>\n\t\t\n\t\t\n\t\t\t\t\t\t\t\t\t\t<div class=\"wd-post-read-more wd-style-link read-more-section\">\n\t\t\t\t\t\t<a class=\"\" href=\"https:\/\/lsagency.me\/en\/airbnb-concierge-rates\/\">Continue reading<\/a>\t\t\t\t\t<\/div>\n\t\t\t\t\t\t\t<\/div>\n\n\t\t\t<\/div>\n\t<\/article>\n\t\t\t\t\t\t\t\t\t\t\t\t\t\t\n<article id=\"post-30808\" class=\"wd-post blog-design-meta-image blog-post-loop blog-style-bg wd-add-shadow wd-col post-30808 post type-post status-publish format-standard has-post-thumbnail hentry category-tendances-du-marche-immobilier category-conseils-dinvestissement-immobilier\">\n\t\t\t<div class=\"wd-post-inner\">\n\t\n\t<div class=\"wd-post-thumb color-scheme-light\">\n\t\t\t\t\t<div class=\"wd-post-img\">\n\t\t\t\t<img loading=\"lazy\" decoding=\"async\" width=\"900\" height=\"600\" src=\"https:\/\/lsagency.me\/wp-content\/uploads\/2025\/04\/1.jpg\" class=\"attachment-full size-full\" alt=\"Riad Marrakech to renovate\" srcset=\"https:\/\/lsagency.me\/wp-content\/uploads\/2025\/04\/1.jpg 900w, https:\/\/lsagency.me\/wp-content\/uploads\/2025\/04\/1-400x267.jpg 400w, https:\/\/lsagency.me\/wp-content\/uploads\/2025\/04\/1-768x512.jpg 768w, https:\/\/lsagency.me\/wp-content\/uploads\/2025\/04\/1-18x12.jpg 18w\" sizes=\"auto, (max-width: 900px) 100vw, 900px\" title=\", short-term rental\">\t\t\t<\/div>\n\t\t\n\t\t\t\t<a class=\"wd-post-link wd-fill\" tabindex=\"-1\" href=\"https:\/\/lsagency.me\/en\/riad-marrakech-to-renovate\/\" rel=\"bookmark\" aria-label=\"Link on post Riad Marrakech \u00e0 r\u00e9nover : une opportunit\u00e9 unique pour un investissement de charme\"><\/a>\n\n\t\t\t<\/div>\n\n\t<div class=\"wd-post-content\">\n\t\t<div class=\"wd-post-meta wd-post-entry-meta\">\n\t\t\t\n\t\t\t\n\t\t\t\t\t\t\t<div class=\"wd-post-date wd-style-default\">\n\t\t\t\t\t<time class=\"published\" datetime=\"2025-04-14T12:33:41+00:00\">\n\t\t\t\t\t\t14 Apr 2025\t\t\t\t\t<\/time>\n\t\t\t\t<\/div>\n\n\t\t\t\t<div class=\"wd-modified-date\">\n\t\t\t\t\t\t\t<time class=\"updated\" datetime=\"2025-05-13T23:15:04+00:00\">\n\t\t\tMay 13, 2025\t\t<\/time>\n\t\t\t\t\t\t<\/div>\n\t\t\t\t\t<\/div>\n\n\t\t\t\t\t<h3 class=\"wd-post-title wd-entities-title title post-title\">\n\t\t\t\t<a href=\"https:\/\/lsagency.me\/en\/riad-marrakech-to-renovate\/\" rel=\"bookmark\">\n\t\t\t\t\tRiad Marrakech to renovate: a unique opportunity for a charming investment\t\t\t\t<\/a>\n\t\t\t<\/h3>\n\t\t\n\t\t\n\t\t\t\t\t\t\t\t\t\t<div class=\"wd-post-read-more wd-style-link read-more-section\">\n\t\t\t\t\t\t<a class=\"\" href=\"https:\/\/lsagency.me\/en\/riad-marrakech-to-renovate\/\">Continue reading<\/a>\t\t\t\t\t<\/div>\n\t\t\t\t\t\t\t<\/div>\n\n\t\t\t<\/div>\n\t<\/article>\n\t\t\t\t\t\t\t\t\t\t\t\t\t\t\n<article id=\"post-30779\" class=\"wd-post blog-design-meta-image blog-post-loop blog-style-bg wd-add-shadow wd-col post-30779 post type-post status-publish format-standard has-post-thumbnail hentry category-experience-locataire\">\n\t\t\t<div class=\"wd-post-inner\">\n\t\n\t<div class=\"wd-post-thumb color-scheme-light\">\n\t\t\t\t\t<div class=\"wd-post-img\">\n\t\t\t\t<img loading=\"lazy\" decoding=\"async\" width=\"900\" height=\"600\" src=\"https:\/\/lsagency.me\/wp-content\/uploads\/2025\/03\/1-1.jpg\" class=\"attachment-full size-full\" alt=\"Riad Marrakech rental\" srcset=\"https:\/\/lsagency.me\/wp-content\/uploads\/2025\/03\/1-1.jpg 900w, https:\/\/lsagency.me\/wp-content\/uploads\/2025\/03\/1-1-400x267.jpg 400w, https:\/\/lsagency.me\/wp-content\/uploads\/2025\/03\/1-1-768x512.jpg 768w, https:\/\/lsagency.me\/wp-content\/uploads\/2025\/03\/1-1-18x12.jpg 18w\" sizes=\"auto, (max-width: 900px) 100vw, 900px\" title=\", short-term rental\">\t\t\t<\/div>\n\t\t\n\t\t\t\t<a class=\"wd-post-link wd-fill\" tabindex=\"-1\" href=\"https:\/\/lsagency.me\/en\/riad-marrakech-rental\/\" rel=\"bookmark\" aria-label=\"Link on post Location Riad Marrakech : Vivez une Exp\u00e9rience Authentique au C\u0153ur de la M\u00e9dina\"><\/a>\n\n\t\t\t<\/div>\n\n\t<div class=\"wd-post-content\">\n\t\t<div class=\"wd-post-meta wd-post-entry-meta\">\n\t\t\t\n\t\t\t\n\t\t\t\t\t\t\t<div class=\"wd-post-date wd-style-default\">\n\t\t\t\t\t<time class=\"published\" datetime=\"2025-04-02T12:36:32+00:00\">\n\t\t\t\t\t\t02 Apr 2025\t\t\t\t\t<\/time>\n\t\t\t\t<\/div>\n\n\t\t\t\t<div class=\"wd-modified-date\">\n\t\t\t\t\t\t\t<time class=\"updated\" datetime=\"2025-04-02T12:36:32+00:00\">\n\t\t\tApril 2, 2025\t\t<\/time>\n\t\t\t\t\t\t<\/div>\n\t\t\t\t\t<\/div>\n\n\t\t\t\t\t<h3 class=\"wd-post-title wd-entities-title title post-title\">\n\t\t\t\t<a href=\"https:\/\/lsagency.me\/en\/riad-marrakech-rental\/\" rel=\"bookmark\">\n\t\t\t\t\tRiad Marrakech rental: An authentic experience in the heart of the Medina\t\t\t\t<\/a>\n\t\t\t<\/h3>\n\t\t\n\t\t\n\t\t\t\t\t\t\t\t\t\t<div class=\"wd-post-read-more wd-style-link read-more-section\">\n\t\t\t\t\t\t<a class=\"\" href=\"https:\/\/lsagency.me\/en\/riad-marrakech-rental\/\">Continue reading<\/a>\t\t\t\t\t<\/div>\n\t\t\t\t\t\t\t<\/div>\n\n\t\t\t<\/div>\n\t<\/article>\n\t\t\t\t\t\t\t\t\t\t\t\t\t\t\n<article id=\"post-30730\" class=\"wd-post blog-design-meta-image blog-post-loop blog-style-bg wd-add-shadow wd-col post-30730 post type-post status-publish format-standard has-post-thumbnail hentry category-experience-locataire\">\n\t\t\t<div class=\"wd-post-inner\">\n\t\n\t<div class=\"wd-post-thumb color-scheme-light\">\n\t\t\t\t\t<div class=\"wd-post-img\">\n\t\t\t\t<img loading=\"lazy\" decoding=\"async\" width=\"900\" height=\"600\" src=\"https:\/\/lsagency.me\/wp-content\/uploads\/2025\/03\/1.jpg\" class=\"attachment-full size-full\" alt=\"Concierge service Paris\" srcset=\"https:\/\/lsagency.me\/wp-content\/uploads\/2025\/03\/1.jpg 900w, https:\/\/lsagency.me\/wp-content\/uploads\/2025\/03\/1-400x267.jpg 400w, https:\/\/lsagency.me\/wp-content\/uploads\/2025\/03\/1-768x512.jpg 768w, https:\/\/lsagency.me\/wp-content\/uploads\/2025\/03\/1-18x12.jpg 18w\" sizes=\"auto, (max-width: 900px) 100vw, 900px\" title=\", short-term rental\">\t\t\t<\/div>\n\t\t\n\t\t\t\t<a class=\"wd-post-link wd-fill\" tabindex=\"-1\" href=\"https:\/\/lsagency.me\/en\/conciergeries-paris\/\" rel=\"bookmark\" aria-label=\"Link on post Conciergeries Paris vs Conciergeries Marrakech : quelles diff\u00e9rences ?\"><\/a>\n\n\t\t\t<\/div>\n\n\t<div class=\"wd-post-content\">\n\t\t<div class=\"wd-post-meta wd-post-entry-meta\">\n\t\t\t\n\t\t\t\n\t\t\t\t\t\t\t<div class=\"wd-post-date wd-style-default\">\n\t\t\t\t\t<time class=\"published\" datetime=\"2025-04-02T12:36:23+00:00\">\n\t\t\t\t\t\t02 Apr 2025\t\t\t\t\t<\/time>\n\t\t\t\t<\/div>\n\n\t\t\t\t<div class=\"wd-modified-date\">\n\t\t\t\t\t\t\t<time class=\"updated\" datetime=\"2025-04-02T12:36:23+00:00\">\n\t\t\tApril 2, 2025\t\t<\/time>\n\t\t\t\t\t\t<\/div>\n\t\t\t\t\t<\/div>\n\n\t\t\t\t\t<h3 class=\"wd-post-title wd-entities-title title post-title\">\n\t\t\t\t<a href=\"https:\/\/lsagency.me\/en\/conciergeries-paris\/\" rel=\"bookmark\">\n\t\t\t\t\tConciergeries Paris vs Conciergeries Marrakech: what are the differences?\t\t\t\t<\/a>\n\t\t\t<\/h3>\n\t\t\n\t\t\n\t\t\t\t\t\t\t\t\t\t<div class=\"wd-post-read-more wd-style-link read-more-section\">\n\t\t\t\t\t\t<a class=\"\" href=\"https:\/\/lsagency.me\/en\/conciergeries-paris\/\">Continue reading<\/a>\t\t\t\t\t<\/div>\n\t\t\t\t\t\t\t<\/div>\n\n\t\t\t<\/div>\n\t<\/article>\n\t\t\t\t\n\t\t\t\t\t\t\t\t<\/div>\n\t\t\t\n\t\t\t\t\t\t\t<div class=\"wd-loop-footer blog-footer\">\n\t\t\t\t\t\t\t\t\t\t\t\t\t\t\t\t\t\t\t\t\t\t\t\t\t\t\t\t\t\t\t\t\t\t\t<a href=\"#\" data-holder-id=\"69eebea67af78\" rel=\"nofollow noopener\" class=\"btn wd-load-more wd-blog-load-more load-on-click\"><span class=\"load-more-label\">Load more posts<\/span><\/a>\n\t\t\t\t\t\t<div class=\"btn wd-load-more wd-load-more-loader\"><span class=\"load-more-loading\">Loading...<\/span><\/div>\n\t\t\t\t\t\t\t\t\t<\/div>\n\t\t\t\t\t\t\t\t\t\t<\/div>\n\t\t\t\t\t\t\t\t\t\t<\/div>\n\t\t\t\t<\/div>\n\t\t\t\t\t<\/div>\n\t\t\t\t<\/div>\n\t\t\t\t<\/div>","protected":false},"excerpt":{"rendered":"<p>LUXURY SERVICE AGENCY Nos Actualit\u00e9s mai 9, 2025 09 Mai 2025 Tarif conciergerie Airbnb : Quel est le meilleur rapport\u00a0qualit\u00e9-prix\u00a0?<\/p>","protected":false},"author":2,"featured_media":30683,"parent":0,"menu_order":0,"comment_status":"closed","ping_status":"closed","template":"","meta":{"footnotes":""},"class_list":["post-10671","page","type-page","status-publish","has-post-thumbnail","hentry"],"_links":{"self":[{"href":"https:\/\/lsagency.me\/en\/wp-json\/wp\/v2\/pages\/10671","targetHints":{"allow":["GET"]}}],"collection":[{"href":"https:\/\/lsagency.me\/en\/wp-json\/wp\/v2\/pages"}],"about":[{"href":"https:\/\/lsagency.me\/en\/wp-json\/wp\/v2\/types\/page"}],"author":[{"embeddable":true,"href":"https:\/\/lsagency.me\/en\/wp-json\/wp\/v2\/users\/2"}],"replies":[{"embeddable":true,"href":"https:\/\/lsagency.me\/en\/wp-json\/wp\/v2\/comments?post=10671"}],"version-history":[{"count":17,"href":"https:\/\/lsagency.me\/en\/wp-json\/wp\/v2\/pages\/10671\/revisions"}],"predecessor-version":[{"id":31511,"href":"https:\/\/lsagency.me\/en\/wp-json\/wp\/v2\/pages\/10671\/revisions\/31511"}],"wp:featuredmedia":[{"embeddable":true,"href":"https:\/\/lsagency.me\/en\/wp-json\/wp\/v2\/media\/30683"}],"wp:attachment":[{"href":"https:\/\/lsagency.me\/en\/wp-json\/wp\/v2\/media?parent=10671"}],"curies":[{"name":"wp","href":"https:\/\/api.w.org\/{rel}","templated":true}]}}